{"id":285,"date":"2019-05-17T04:10:34","date_gmt":"2019-05-17T04:10:34","guid":{"rendered":"http:\/\/source.wpopal.com\/strollik5\/product\/smart-control\/"},"modified":"2019-05-17T04:10:34","modified_gmt":"2019-05-17T04:10:34","slug":"smart-control","status":"publish","type":"product","link":"https:\/\/citicolina.ro\/de\/product\/smart-control\/","title":{"rendered":"Intelligente Steuerung"},"content":{"rendered":"<p>Der Kilburn verk\u00f6rpert den rauen, eigensinnigen Geist des Rock 'n' Roll. Der tragbare Aktiv-Stereo-Lautsprecher nimmt den unverwechselbaren Look und Sound von Marshall auf und nimmt die Show mit auf die Stra\u00dfe.<\/p>\n<p>Mit einem Gewicht von unter 7 Pfund ist der Kilburn ein leichtes St\u00fcck Technik im Vintage-Stil. Der Kilburn setzt die Messlatte als einer der lautesten Lautsprecher seiner Klasse und ist ein kompakter, robuster Held mit einem ausgewogenen Klangbild, das sich durch klare Mitten und ausgedehnte H\u00f6hen auszeichnet und so einen artikulierten und ausgepr\u00e4gten Sound bietet. Mit den analogen Kn\u00f6pfen k\u00f6nnen Sie die Regler auf Ihre pers\u00f6nlichen Vorlieben abstimmen, w\u00e4hrend der von Gitarren inspirierte Lederriemen einen einfachen und stilvollen Transport erm\u00f6glicht.<\/p>","protected":false},"excerpt":{"rendered":"<p>Kurzbeschreibung<\/p>","protected":false},"featured_media":4428,"comment_status":"open","ping_status":"closed","template":"","meta":[],"class_list":["post-285","product","type-product","status-publish","has-post-thumbnail","hentry","product_cat-uncategorized","product_tag-home-16"],"_links":{"self":[{"href":"https:\/\/citicolina.ro\/de\/wp-json\/wp\/v2\/product\/285","targetHints":{"allow":["GET"]}}],"collection":[{"href":"https:\/\/citicolina.ro\/de\/wp-json\/wp\/v2\/product"}],"about":[{"href":"https:\/\/citicolina.ro\/de\/wp-json\/wp\/v2\/types\/product"}],"replies":[{"embeddable":true,"href":"https:\/\/citicolina.ro\/de\/wp-json\/wp\/v2\/comments?post=285"}],"wp:featuredmedia":[{"embeddable":true,"href":"https:\/\/citicolina.ro\/de\/wp-json\/wp\/v2\/media\/4428"}],"wp:attachment":[{"href":"https:\/\/citicolina.ro\/de\/wp-json\/wp\/v2\/media?parent=285"}],"curies":[{"name":"wp","href":"https:\/\/api.w.org\/{rel}","templated":true}]}}