{"id":407,"date":"2019-05-17T04:12:36","date_gmt":"2019-05-17T04:12:36","guid":{"rendered":"http:\/\/source.wpopal.com\/strollik5\/product\/a-slim-pouchie-3\/"},"modified":"2019-05-17T04:12:36","modified_gmt":"2019-05-17T04:12:36","slug":"a-slim-pouchie-3","status":"publish","type":"product","link":"https:\/\/citicolina.ro\/es\/product\/a-slim-pouchie-3\/","title":{"rendered":"Una bolsa delgada 3"},"content":{"rendered":"<p>Encarnando el esp\u00edritu crudo y caprichoso del rock 'n' roll, el altavoz est\u00e9reo activo port\u00e1til Kilburn toma el aspecto y el sonido inconfundibles de Marshall, desenchufa los acordes y se lleva el espect\u00e1culo a la carretera.<\/p>\n<p>Con un peso inferior a 7 libras, el Kilburn es una pieza ligera de ingenier\u00eda de estilo vintage. Estableciendo el list\u00f3n como uno de los altavoces m\u00e1s altos de su clase, el Kilburn es un h\u00e9roe compacto y robusto con un audio bien equilibrado que cuenta con un rango medio claro y agudos extendidos para un sonido que es a la vez articulado y pronunciado. Los mandos anal\u00f3gicos le permiten ajustar los controles a sus preferencias personales, mientras que la correa de cuero con influencia de guitarra le permite viajar con facilidad y estilo.<\/p>","protected":false},"excerpt":{"rendered":"<p>Descripci\u00f3n breve<\/p>","protected":false},"featured_media":4428,"comment_status":"open","ping_status":"closed","template":"","meta":[],"class_list":["post-407","product","type-product","status-publish","has-post-thumbnail","hentry","product_cat-uncategorized","product_tag-home-8"],"_links":{"self":[{"href":"https:\/\/citicolina.ro\/es\/wp-json\/wp\/v2\/product\/407","targetHints":{"allow":["GET"]}}],"collection":[{"href":"https:\/\/citicolina.ro\/es\/wp-json\/wp\/v2\/product"}],"about":[{"href":"https:\/\/citicolina.ro\/es\/wp-json\/wp\/v2\/types\/product"}],"replies":[{"embeddable":true,"href":"https:\/\/citicolina.ro\/es\/wp-json\/wp\/v2\/comments?post=407"}],"wp:featuredmedia":[{"embeddable":true,"href":"https:\/\/citicolina.ro\/es\/wp-json\/wp\/v2\/media\/4428"}],"wp:attachment":[{"href":"https:\/\/citicolina.ro\/es\/wp-json\/wp\/v2\/media?parent=407"}],"curies":[{"name":"wp","href":"https:\/\/api.w.org\/{rel}","templated":true}]}}