{"id":258,"date":"2019-05-17T04:09:59","date_gmt":"2019-05-17T04:09:59","guid":{"rendered":"http:\/\/source.wpopal.com\/strollik5\/product\/smart-camera-6\/"},"modified":"2021-01-04T07:37:33","modified_gmt":"2021-01-04T07:37:33","slug":"smart-camera-6","status":"publish","type":"product","link":"https:\/\/citicolina.ro\/fr\/product\/smart-camera-6\/","title":{"rendered":"Cam\u00e9ra intelligente 6"},"content":{"rendered":"<p>Incarnation de l'esprit brut et rebelle du rock 'n' roll, l'enceinte st\u00e9r\u00e9o active portable Kilburn reprend l'aspect et le son incomparables de Marshall, d\u00e9branche les accords et emm\u00e8ne le spectacle sur la route.<\/p>\n<p>Pesant moins de 2,5 kg, la Kilburn est une pi\u00e8ce l\u00e9g\u00e8re d'ing\u00e9nierie de style vintage. Se positionnant comme l'une des enceintes les plus puissantes de sa cat\u00e9gorie, la Kilburn est un h\u00e9ros compact et robuste avec un son bien \u00e9quilibr\u00e9 qui se targue de m\u00e9diums clairs et d'aigus \u00e9tendus pour une sonorit\u00e9 \u00e0 la fois articul\u00e9e et prononc\u00e9e. Les boutons analogiques vous permettent d'ajuster les commandes \u00e0 vos pr\u00e9f\u00e9rences personnelles, tandis que la courroie en cuir inspir\u00e9e de la guitare permet un transport facile et \u00e9l\u00e9gant.<\/p>","protected":false},"excerpt":{"rendered":"<p>Br\u00e8ve description<\/p>","protected":false},"featured_media":4428,"comment_status":"open","ping_status":"closed","template":"","meta":[],"class_list":["post-258","product","type-product","status-publish","has-post-thumbnail","hentry","product_cat-uncategorized","product_tag-home-14"],"_links":{"self":[{"href":"https:\/\/citicolina.ro\/fr\/wp-json\/wp\/v2\/product\/258","targetHints":{"allow":["GET"]}}],"collection":[{"href":"https:\/\/citicolina.ro\/fr\/wp-json\/wp\/v2\/product"}],"about":[{"href":"https:\/\/citicolina.ro\/fr\/wp-json\/wp\/v2\/types\/product"}],"replies":[{"embeddable":true,"href":"https:\/\/citicolina.ro\/fr\/wp-json\/wp\/v2\/comments?post=258"}],"wp:featuredmedia":[{"embeddable":true,"href":"https:\/\/citicolina.ro\/fr\/wp-json\/wp\/v2\/media\/4428"}],"wp:attachment":[{"href":"https:\/\/citicolina.ro\/fr\/wp-json\/wp\/v2\/media?parent=258"}],"curies":[{"name":"wp","href":"https:\/\/api.w.org\/{rel}","templated":true}]}}