{"id":417,"date":"2019-05-17T04:12:49","date_gmt":"2019-05-17T04:12:49","guid":{"rendered":"http:\/\/source.wpopal.com\/strollik5\/product\/slimwallet\/"},"modified":"2023-12-24T01:24:44","modified_gmt":"2023-12-24T01:24:44","slug":"slimwallet","status":"publish","type":"product","link":"https:\/\/citicolina.ro\/it\/product\/slimwallet\/","title":{"rendered":"Slimwallet"},"content":{"rendered":"<p>Incarnando lo spirito grezzo e ribelle del rock 'n' roll, il diffusore stereo attivo portatile Kilburn prende il look e il suono inconfondibili di Marshall, stacca la spina e porta lo spettacolo sulla strada.<\/p>\n<p>Con un peso inferiore alle 7 libbre, il Kilburn \u00e8 un pezzo leggero di ingegneria in stile vintage. Definito come uno dei diffusori pi\u00f9 potenti della sua categoria, il Kilburn \u00e8 un eroe compatto e dal cuore robusto, con un audio ben bilanciato che vanta medi chiari e alti estesi per un suono articolato e pronunciato. Le manopole analogiche consentono di regolare con precisione i controlli in base alle proprie preferenze personali, mentre la cinghia in pelle, che richiama la chitarra, consente di viaggiare con facilit\u00e0 ed eleganza.<\/p>","protected":false},"excerpt":{"rendered":"<p>Descrizione breve<\/p>","protected":false},"featured_media":0,"comment_status":"open","ping_status":"closed","template":"","meta":[],"class_list":["post-417","product","type-product","status-publish","hentry","product_cat-uncategorized","product_tag-home-8"],"_links":{"self":[{"href":"https:\/\/citicolina.ro\/it\/wp-json\/wp\/v2\/product\/417","targetHints":{"allow":["GET"]}}],"collection":[{"href":"https:\/\/citicolina.ro\/it\/wp-json\/wp\/v2\/product"}],"about":[{"href":"https:\/\/citicolina.ro\/it\/wp-json\/wp\/v2\/types\/product"}],"replies":[{"embeddable":true,"href":"https:\/\/citicolina.ro\/it\/wp-json\/wp\/v2\/comments?post=417"}],"wp:attachment":[{"href":"https:\/\/citicolina.ro\/it\/wp-json\/wp\/v2\/media?parent=417"}],"curies":[{"name":"wp","href":"https:\/\/api.w.org\/{rel}","templated":true}]}}